{"id":208,"date":"2026-01-21T15:43:35","date_gmt":"2026-01-21T15:43:35","guid":{"rendered":"https:\/\/tomtodd.de\/?page_id=208"},"modified":"2026-02-13T14:33:26","modified_gmt":"2026-02-13T14:33:26","slug":"umfrage","status":"publish","type":"page","link":"https:\/\/tomtodd.de\/en\/umfrage\/","title":{"rendered":"Mitglieder-Verzeichnis"},"content":{"rendered":"\n<div class=\"wp-block-group has-global-padding is-layout-constrained wp-container-core-group-is-layout-9517baca wp-block-group-is-layout-constrained\">\n<p class=\"has-large-font-size\">Damit alle die M\u00f6glichkeit haben, jeden zu identifizieren oder zu kontaktieren, k\u00f6nnten wir ein Verzeichnis ver\u00f6ffentlichen, aber nat\u00fcrlich nur f\u00fcr Mitgleider des Chors.<\/p>\n\n\n\n<p class=\"has-large-font-size\">Bitte pr\u00fcfe deinen Namen (der im Verzeichnis stehen soll) und w\u00e4hle dann eine Option rechts.<\/p>\n\n\n\n<p class=\"has-large-font-size\">Bei den beiden &#8222;Bild neu&#8220;-Optionen hast  du die M\u00f6glichkeit, ein Bild hochzuladen (bitte dann nichts dort l\u00f6schen!)<\/p>\n\n\n\n<hr class=\"wp-block-separator has-alpha-channel-opacity\"\/>\n\n\n<div class='fluentform ff-default fluentform_wrapper_4  ff_guten_block ff_guten_block-4 ffs_default_wrap'><form data-form_id=\"4\" id=\"fluentform_4\" class=\"frm-fluent-form fluent_form_4 ff-el-form-top ff_form_instance_4_1 ff-form-loading ffs_default\" data-form_instance=\"ff_form_instance_4_1\" method=\"POST\" ><fieldset  style=\"border: none!important;margin: 0!important;padding: 0!important;background-color: transparent!important;box-shadow: none!important;outline: none!important; min-inline-size: 100%;\">\n                    <legend class=\"ff_screen_reader_title\" style=\"display: block; margin: 0!important;padding: 0!important;height: 0!important;text-indent: -999999px;width: 0!important;overflow:hidden;\">Polling Form (#4)<\/legend>        <div\n                style=\"display: none!important; position: absolute!important; transform: translateX(1000%)!important;\"\n                class=\"ff-el-group ff-hpsf-container\"\n        >\n            <div class=\"ff-el-input--label asterisk-right\">\n                <label for=\"ff_4_item_sf\" aria-label=\"Subscribe\">\n                    Subscribe                <\/label>\n            <\/div>\n            <div class=\"ff-el-input--content\">\n                <input type=\"text\"\n                       name=\"item_4__fluent_sf\"\n                       class=\"ff-el-form-control\"\n                       id=\"ff_4_item_sf\"\n                \/>\n            <\/div>\n        <\/div>\n                <input type=\"hidden\" id=\"__fluent_protection_token_4\" class=\"fluent-form-token-field\" name=\"__fluent_protection_token_4\">\n        <input type='hidden' name='__fluent_form_embded_post_id' value='208' \/><input type=\"hidden\" id=\"_fluentform_4_fluentformnonce\" name=\"_fluentform_4_fluentformnonce\" value=\"96986a687a\" \/><input type=\"hidden\" name=\"_wp_http_referer\" value=\"\/en\/wp-json\/wp\/v2\/pages\/208\" \/><div data-name=\"ff_cn_id_1\"  class='ff-t-container ff-column-container ff_columns_total_2 '><div class='ff-t-cell ff-t-column-1' style='flex-basis: 48.97%;'><\/div><div class='ff-t-cell ff-t-column-2' style='flex-basis: 51.03%;'><\/div><\/div><div data-name=\"ff_cn_id_2\"  class='ff-t-container ff-column-container ff_columns_total_3 '><div class='ff-t-cell ff-t-column-1' style='flex-basis: 45%;'><div class='ff-el-group'><div class=\"ff-el-input--label ff-el-is-required asterisk-right\"><label for='ff_4_vorname' id='label_ff_4_vorname' >Vorname<\/label><\/div><div class='ff-el-input--content'><input type=\"text\" name=\"vorname\" value=\"\" class=\"ff-el-form-control\" data-name=\"vorname\" tabindex=\"1\" id=\"ff_4_vorname\"  aria-invalid=\"false\" aria-required=true><\/div><\/div><div class='ff-el-group'><div class=\"ff-el-input--label ff-el-is-required asterisk-right\"><label for='ff_4_nachname' id='label_ff_4_nachname' >Nachname<\/label><\/div><div class='ff-el-input--content'><input type=\"text\" name=\"nachname\" value=\"\" class=\"ff-el-form-control\" data-name=\"nachname\" tabindex=\"2\" id=\"ff_4_nachname\"  aria-invalid=\"false\" aria-required=true><\/div><\/div><\/div><div class='ff-t-cell ff-t-column-2' style='flex-basis: 10%;'><\/div><div class='ff-t-cell ff-t-column-3' style='flex-basis: 45%;'><div class='ff-el-group'><div class=\"ff-el-input--label ff-el-is-required asterisk-right\"><label   aria-label=\"Ich bin einverstanden mit der Ver\u00f6ffentlichung von:\">Ich bin einverstanden mit der Ver\u00f6ffentlichung von:<\/label><\/div><div class='ff-el-input--content'><div class='ff-el-form-check ff-el-form-check-'><label class='ff-el-form-check-label' for='permission_fcc68b6b19f2bbf9f1b5380eed8fa151'><input  type=\"radio\" name=\"permission\" data-name=\"permission\" class=\"ff-el-form-check-input ff-el-form-check-radio\" tabindex=\"3\" value=\"BE\"  id='permission_fcc68b6b19f2bbf9f1b5380eed8fa151' aria-label='Bild+Emailadresse' aria-invalid='false' aria-required=true> <span>Bild+Emailadresse<\/span><\/label><\/div><div class='ff-el-form-check ff-el-form-check-'><label class='ff-el-form-check-label' for='permission_9b5fd8e6d07f7a41dac84792f4960009'><input  type=\"radio\" name=\"permission\" data-name=\"permission\" class=\"ff-el-form-check-input ff-el-form-check-radio\" tabindex=\"-1\" value=\"E\"  id='permission_9b5fd8e6d07f7a41dac84792f4960009' aria-label='Nur Emailadresse' aria-invalid='false' aria-required=true> <span>Nur Emailadresse<\/span><\/label><\/div><div class='ff-el-form-check ff-el-form-check-'><label class='ff-el-form-check-label' for='permission_d9b9ceebecae5de11f24754b929ba56d'><input  type=\"radio\" name=\"permission\" data-name=\"permission\" class=\"ff-el-form-check-input ff-el-form-check-radio\" tabindex=\"-1\" value=\"BNE\"  id='permission_d9b9ceebecae5de11f24754b929ba56d' aria-label='Bild neu + Emailadresse' aria-invalid='false' aria-required=true> <span>Bild neu + Emailadresse<\/span><\/label><\/div><div class='ff-el-form-check ff-el-form-check-'><label class='ff-el-form-check-label' for='permission_a6f216936bf0a0718d0f9ece06324394'><input  type=\"radio\" name=\"permission\" data-name=\"permission\" class=\"ff-el-form-check-input ff-el-form-check-radio\" tabindex=\"-1\" value=\"BN\"  id='permission_a6f216936bf0a0718d0f9ece06324394' aria-label='Bild neu ohne Email' aria-invalid='false' aria-required=true> <span>Bild neu ohne Email<\/span><\/label><\/div><div class='ff-el-form-check ff-el-form-check-'><label class='ff-el-form-check-label' for='permission_8ba31325f214e5312aa72c53aaf8d240'><input  type=\"radio\" name=\"permission\" data-name=\"permission\" class=\"ff-el-form-check-input ff-el-form-check-radio\" tabindex=\"-1\" value=\"Z\"  id='permission_8ba31325f214e5312aa72c53aaf8d240' aria-label='Nichts' aria-invalid='false' aria-required=true> <span>Nichts<\/span><\/label><\/div><\/div><\/div><div class='ff-el-group  ff-custom_html has-conditions' tabindex='-1' data-name=\"custom_html-4_1\" ><p><a style=\"color: #ffffff;background-color: #0072ff;font-size: 16px;border-radius: 5px;text-decoration: none;font-weight: normal;font-style: normal;padding: 0.8rem 1rem;border-color: #0072ff\" href=\"https:\/\/1drv.ms\/f\/c\/9985ac80de796895\/IgBDgnNqwrv1T6aXIjtf13ZoAUmUclj1eN3WrWjjhYR6914\" target=\"_blank\" rel=\"noopener\">Hier uploaden<\/a><\/p><\/div><\/div><\/div><div class='ff-el-group ff-text-center ff_submit_btn_wrapper'><button type=\"submit\" class=\"ff-btn ff-btn-submit ff-btn-md ff_btn_style\" tabindex=\"4\"  aria-label=\"Speichern\">Speichern<\/button><\/div><\/fieldset><\/form><div id='fluentform_4_errors' class='ff-errors-in-stack ff_form_instance_4_1 ff-form-loading_errors ff_form_instance_4_1_errors'><\/div><\/div>            <script type=\"text\/javascript\">\n                window.fluent_form_ff_form_instance_4_1 = {\"id\":\"4\",\"ajaxUrl\":\"https:\\\/\\\/tomtodd.de\\\/wp-admin\\\/admin-ajax.php\",\"settings\":{\"layout\":{\"labelPlacement\":\"top\",\"asteriskPlacement\":\"asterisk-right\",\"helpMessagePlacement\":\"with_label\",\"errorMessagePlacement\":\"inline\",\"cssClassName\":\"\"},\"restrictions\":{\"denyEmptySubmission\":{\"enabled\":false}}},\"form_instance\":\"ff_form_instance_4_1\",\"form_id_selector\":\"fluentform_4\",\"rules\":{\"vorname\":{\"required\":{\"value\":true,\"message\":\"Bitte angeben!\",\"global_message\":\"Bitte angeben!\",\"global\":true}},\"nachname\":{\"required\":{\"value\":true,\"message\":\"Bitte angeben!\",\"global_message\":\"Bitte angeben!\",\"global\":true}},\"permission\":{\"required\":{\"value\":true,\"message\":\"Bitte angeben!\",\"global_message\":\"Bitte angeben!\",\"global\":true}}},\"debounce_time\":300,\"conditionals\":{\"custom_html-4_1\":{\"type\":\"any\",\"status\":true,\"conditions\":[{\"field\":\"permission\",\"value\":\"BNE\",\"operator\":\"=\"},{\"field\":\"permission\",\"value\":\"BN\",\"operator\":\"=\"}],\"condition_groups\":[{\"rules\":[{\"field\":\"\",\"value\":\"\",\"operator\":\"\"}],\"title\":\"\",\"isEditingTitle\":false,\"isPreviewOpen\":false,\"isGroupOpen\":true}]}}};\n                            <\/script>\n            \n\n\n<p class=\"has-large-font-size\">Fotos alphabetisch nach Vornamen sortiert von links oben nach rechts unten<\/p>\n\n\n\n<hr class=\"wp-block-separator has-alpha-channel-opacity\"\/>\n\n\n\n<div class=\"wp-block-columns is-layout-flex wp-container-core-columns-is-layout-28f84493 wp-block-columns-is-layout-flex\">\n<div class=\"wp-block-column is-layout-flow wp-block-column-is-layout-flow\">\n<figure class=\"wp-block-image size-large\"><img loading=\"lazy\" decoding=\"async\" width=\"175\" height=\"1024\" src=\"http:\/\/tomtodd.de\/wp-content\/uploads\/2026\/02\/V1-175x1024.jpg\" alt=\"\" class=\"wp-image-259\" srcset=\"https:\/\/tomtodd.de\/wp-content\/uploads\/2026\/02\/V1-175x1024.jpg 175w, https:\/\/tomtodd.de\/wp-content\/uploads\/2026\/02\/V1-2x12.jpg 2w, https:\/\/tomtodd.de\/wp-content\/uploads\/2026\/02\/V1.jpg 183w\" sizes=\"auto, (max-width: 175px) 100vw, 175px\" \/><\/figure>\n<\/div>\n\n\n\n<div class=\"wp-block-column is-layout-flow wp-block-column-is-layout-flow\">\n<figure class=\"wp-block-image size-large\"><img loading=\"lazy\" decoding=\"async\" width=\"143\" height=\"1024\" src=\"http:\/\/tomtodd.de\/wp-content\/uploads\/2026\/02\/V2-143x1024.jpg\" alt=\"\" class=\"wp-image-260\" srcset=\"https:\/\/tomtodd.de\/wp-content\/uploads\/2026\/02\/V2-143x1024.jpg 143w, https:\/\/tomtodd.de\/wp-content\/uploads\/2026\/02\/V2-42x300.jpg 42w\" sizes=\"auto, (max-width: 143px) 100vw, 143px\" \/><\/figure>\n<\/div>\n\n\n\n<div class=\"wp-block-column is-layout-flow wp-block-column-is-layout-flow\">\n<figure class=\"wp-block-image size-large\"><img loading=\"lazy\" decoding=\"async\" width=\"147\" height=\"1024\" src=\"http:\/\/tomtodd.de\/wp-content\/uploads\/2026\/02\/V3-147x1024.jpg\" alt=\"\" class=\"wp-image-261\" srcset=\"https:\/\/tomtodd.de\/wp-content\/uploads\/2026\/02\/V3-147x1024.jpg 147w, https:\/\/tomtodd.de\/wp-content\/uploads\/2026\/02\/V3-43x300.jpg 43w, https:\/\/tomtodd.de\/wp-content\/uploads\/2026\/02\/V3.jpg 183w\" sizes=\"auto, (max-width: 147px) 100vw, 147px\" \/><\/figure>\n<\/div>\n\n\n\n<div class=\"wp-block-column is-layout-flow wp-block-column-is-layout-flow\">\n<figure class=\"wp-block-image size-large\"><img loading=\"lazy\" decoding=\"async\" width=\"157\" height=\"1024\" src=\"http:\/\/tomtodd.de\/wp-content\/uploads\/2026\/02\/V4-157x1024.jpg\" alt=\"\" class=\"wp-image-262\" srcset=\"https:\/\/tomtodd.de\/wp-content\/uploads\/2026\/02\/V4-157x1024.jpg 157w, https:\/\/tomtodd.de\/wp-content\/uploads\/2026\/02\/V4-46x300.jpg 46w, https:\/\/tomtodd.de\/wp-content\/uploads\/2026\/02\/V4-2x12.jpg 2w\" sizes=\"auto, (max-width: 157px) 100vw, 157px\" \/><\/figure>\n<\/div>\n\n\n\n<div class=\"wp-block-column is-layout-flow wp-block-column-is-layout-flow\">\n<figure class=\"wp-block-image size-large\"><img loading=\"lazy\" decoding=\"async\" width=\"167\" height=\"1024\" src=\"http:\/\/tomtodd.de\/wp-content\/uploads\/2026\/02\/V5-167x1024.jpg\" alt=\"\" class=\"wp-image-263\" srcset=\"https:\/\/tomtodd.de\/wp-content\/uploads\/2026\/02\/V5-167x1024.jpg 167w, https:\/\/tomtodd.de\/wp-content\/uploads\/2026\/02\/V5-49x300.jpg 49w, https:\/\/tomtodd.de\/wp-content\/uploads\/2026\/02\/V5-2x12.jpg 2w\" sizes=\"auto, (max-width: 167px) 100vw, 167px\" \/><\/figure>\n<\/div>\n<\/div>\n<\/div>\n","protected":false},"excerpt":{"rendered":"<p>Damit alle die M\u00f6glichkeit haben, jeden zu identifizieren oder zu kontaktieren, k\u00f6nnten wir ein Verzeichnis ver\u00f6ffentlichen, aber nat\u00fcrlich nur f\u00fcr Mitgleider des Chors. Bitte pr\u00fcfe deinen Namen (der im Verzeichnis stehen soll) und w\u00e4hle dann eine Option rechts. Bei den beiden &#8222;Bild neu&#8220;-Optionen hast du die M\u00f6glichkeit, ein Bild hochzuladen (bitte dann nichts dort l\u00f6schen!) [&hellip;]<\/p>\n","protected":false},"author":1,"featured_media":0,"parent":0,"menu_order":0,"comment_status":"closed","ping_status":"closed","template":"","meta":{"footnotes":""},"class_list":["post-208","page","type-page","status-publish","hentry"],"_links":{"self":[{"href":"https:\/\/tomtodd.de\/en\/wp-json\/wp\/v2\/pages\/208","targetHints":{"allow":["GET"]}}],"collection":[{"href":"https:\/\/tomtodd.de\/en\/wp-json\/wp\/v2\/pages"}],"about":[{"href":"https:\/\/tomtodd.de\/en\/wp-json\/wp\/v2\/types\/page"}],"author":[{"embeddable":true,"href":"https:\/\/tomtodd.de\/en\/wp-json\/wp\/v2\/users\/1"}],"replies":[{"embeddable":true,"href":"https:\/\/tomtodd.de\/en\/wp-json\/wp\/v2\/comments?post=208"}],"version-history":[{"count":10,"href":"https:\/\/tomtodd.de\/en\/wp-json\/wp\/v2\/pages\/208\/revisions"}],"predecessor-version":[{"id":267,"href":"https:\/\/tomtodd.de\/en\/wp-json\/wp\/v2\/pages\/208\/revisions\/267"}],"wp:attachment":[{"href":"https:\/\/tomtodd.de\/en\/wp-json\/wp\/v2\/media?parent=208"}],"curies":[{"name":"wp","href":"https:\/\/api.w.org\/{rel}","templated":true}]}}