{"id":124,"date":"2025-07-10T19:51:54","date_gmt":"2025-07-10T19:51:54","guid":{"rendered":"https:\/\/tomtodd.de\/?page_id=124"},"modified":"2026-02-03T13:16:00","modified_gmt":"2026-02-03T13:16:00","slug":"cantonal-2026","status":"publish","type":"page","link":"https:\/\/tomtodd.de\/en\/cantonal-2026\/","title":{"rendered":"Cantonal WE 2026"},"content":{"rendered":"\n<div class=\"wp-block-group has-global-padding is-layout-constrained wp-block-group-is-layout-constrained\">\n<p class=\"has-medium-font-size\">Fr. 5. &#8211; So. 7. Juni<\/p>\n\n\n\n<p class=\"is-style-default has-medium-font-size\"><strong>Bei Auswahl &#8222;Ja. Doppelzimmer&#8220;<\/strong> kannst du jemanden eintragen, der\/die mit dir das Zimmer teilen m\u00f6ge. Dann obliegt es dir, diese  Person diesbez\u00fcglich zu kontaktieren. Oder du gibst &#8222;SUCHE&#8220; ein und alle ebenfalls Suchende werden informiert.<\/p>\n\n\n\n<p class=\"is-style-default has-medium-font-size\">F\u00fcr bekannte Paare habe ich die vermeintlichen Zimmergenossen eingetragen. BEIDE sollen sich bitte eintragen. <\/p>\n\n\n\n<p class=\"has-medium-font-size\">F\u00fcr die <strong>Anreise <\/strong>k\u00fcmmere ich mich oder mein PC \ud83d\ude42 darum, Leute zusammenzubringen. <\/p>\n\n\n\n<p class=\"is-style-default has-medium-font-size\">Das Formular kann nur einmal ausgef\u00fcllt werden. \u00c4nderungen etc. besprechen wir auf dem \u00fcblichen Dienstweg.<\/p>\n\n\n<div class='fluentform ff-default fluentform_wrapper_5  ff_guten_block ff_guten_block-5 ffs_default_wrap'><form data-form_id=\"5\" id=\"fluentform_5\" class=\"frm-fluent-form fluent_form_5 ff-el-form-top ff_form_instance_5_1 ff-form-loading ffs_default\" data-form_instance=\"ff_form_instance_5_1\" method=\"POST\" ><fieldset  style=\"border: none!important;margin: 0!important;padding: 0!important;background-color: transparent!important;box-shadow: none!important;outline: none!important; min-inline-size: 100%;\">\n                    <legend class=\"ff_screen_reader_title\" style=\"display: block; margin: 0!important;padding: 0!important;height: 0!important;text-indent: -999999px;width: 0!important;overflow:hidden;\">Cantonal WE 2026<\/legend>        <div\n                style=\"display: none!important; position: absolute!important; transform: translateX(1000%)!important;\"\n                class=\"ff-el-group ff-hpsf-container\"\n        >\n            <div class=\"ff-el-input--label asterisk-right\">\n                <label for=\"ff_5_item_sf\" aria-label=\"Contact\">\n                    Contact                <\/label>\n            <\/div>\n            <div class=\"ff-el-input--content\">\n                <input type=\"text\"\n                       name=\"item_5__fluent_sf\"\n                       class=\"ff-el-form-control\"\n                       id=\"ff_5_item_sf\"\n                \/>\n            <\/div>\n        <\/div>\n                <input type=\"hidden\" id=\"__fluent_protection_token_5\" class=\"fluent-form-token-field\" name=\"__fluent_protection_token_5\">\n        <input type='hidden' name='__fluent_form_embded_post_id' value='124' \/><input type=\"hidden\" id=\"_fluentform_5_fluentformnonce\" name=\"_fluentform_5_fluentformnonce\" value=\"a18b371557\" \/><input type=\"hidden\" name=\"_wp_http_referer\" value=\"\/en\/wp-json\/wp\/v2\/pages\/124\" \/><div data-type=\"name-element\" data-name=\"names\" class=\" ff-field_container ff-name-field-wrapper\" ><div class='ff-t-container'><div class='ff-t-cell '><div class='ff-el-group ff-el-form-top'><div class=\"ff-el-input--label ff-el-is-required asterisk-right\"><label for='ff_5_names_first_name_' id='label_ff_5_names_first_name_' >Vorname<\/label><\/div><div class='ff-el-input--content'><input type=\"text\" name=\"names[first_name]\" value=\"\" id=\"ff_5_names_first_name_\" class=\"ff-el-form-control\" placeholder=\"Vorname\" tabindex=\"1\" aria-invalid=\"false\" aria-required=true><\/div><\/div><\/div><div class='ff-t-cell '><div class='ff-el-group ff-el-form-top'><div class=\"ff-el-input--label ff-el-is-required asterisk-right\"><label for='ff_5_names_last_name_' id='label_ff_5_names_last_name_' >Nachname<\/label><\/div><div class='ff-el-input--content'><input type=\"text\" name=\"names[last_name]\" value=\"\" id=\"ff_5_names_last_name_\" class=\"ff-el-form-control\" placeholder=\"Nachname\" tabindex=\"2\" aria-invalid=\"false\" aria-required=true><\/div><\/div><\/div><\/div><\/div><div class='ff-el-group'><div class=\"ff-el-input--label ff-el-is-required asterisk-right\"><label for='ff_5_email' id='label_ff_5_email' aria-label=\"Email\">Email<\/label><\/div><div class='ff-el-input--content'><input type=\"email\" name=\"email\" value=\"\" id=\"ff_5_email\" class=\"ff-el-form-control\" placeholder=\"Deine Email-Adresse\" data-name=\"email\" tabindex=\"3\"  aria-invalid=\"false\" aria-required=true><\/div><\/div><div data-name=\"ff_cn_id_1\"  class='ff-t-container ff-column-container ff_columns_total_2 '><div class='ff-t-cell ff-t-column-1' style='flex-basis: 50%;'><div class='ff-el-group ff-el-form-top'><div class=\"ff-el-input--label ff-el-is-required asterisk-right\"><label   aria-label=\"Nimmst du teil? Wenn ja, bitte Zimmerwunsch\">Nimmst du teil? Wenn ja, bitte Zimmerwunsch<\/label><\/div><div class='ff-el-input--content'><div class='ff-el-form-check ff-el-form-check-'><label class='ff-el-form-check-label' for='zimmer_dc89dbba9617b96e69069565d704b345'><input  type=\"radio\" name=\"zimmer\" data-name=\"zimmer\" class=\"ff-el-form-check-input ff-el-form-check-radio\" tabindex=\"4\" value=\"0Z\"  id='zimmer_dc89dbba9617b96e69069565d704b345' aria-label='Nein' aria-invalid='false' aria-required=true> <span>Nein<\/span><\/label><\/div><div class='ff-el-form-check ff-el-form-check-'><label class='ff-el-form-check-label' for='zimmer_66f2245f68a5d26b9b2e8f9ca010e9ec'><input  type=\"radio\" name=\"zimmer\" data-name=\"zimmer\" class=\"ff-el-form-check-input ff-el-form-check-radio\" tabindex=\"-1\" value=\"DZ\"  id='zimmer_66f2245f68a5d26b9b2e8f9ca010e9ec' aria-label='Ja, Doppelzimmer 184,80\u20ac' aria-invalid='false' aria-required=true> <span>Ja, Doppelzimmer 184,80\u20ac<\/span><\/label><\/div><div class='ff-el-form-check ff-el-form-check-'><label class='ff-el-form-check-label' for='zimmer_5bc630827f66d5c1f1de10943a1ae152'><input  type=\"radio\" name=\"zimmer\" data-name=\"zimmer\" class=\"ff-el-form-check-input ff-el-form-check-radio\" tabindex=\"-1\" value=\"EZ\"  id='zimmer_5bc630827f66d5c1f1de10943a1ae152' aria-label='Ja, Einzelzimmer 220,80\u20ac' aria-invalid='false' aria-required=true> <span>Ja, Einzelzimmer 220,80\u20ac<\/span><\/label><\/div><\/div><\/div><\/div><div class='ff-t-cell ff-t-column-2' style='flex-basis: 50%;'><div class='ff-el-group has-conditions'><div class=\"ff-el-input--label asterisk-right\"><label for='ff_5_vordoppel' id='label_ff_5_vordoppel' aria-label=\"Vorname DZ-Partner\">Vorname DZ-Partner<\/label><\/div><div class='ff-el-input--content'><input type=\"text\" name=\"vordoppel\" value=\"\" class=\"ff-el-form-control\" placeholder=\"SUCHE eingeben, wenn du noch suchst\" data-name=\"vordoppel\" tabindex=\"5\" id=\"ff_5_vordoppel\"  aria-invalid=\"false\" aria-required=false><\/div><\/div><div class='ff-el-group ff-el-form-top has-conditions'><div class=\"ff-el-input--label asterisk-right\"><label for='ff_5_nachdoppel' id='label_ff_5_nachdoppel' aria-label=\"Nachname DZ-Partner\">Nachname DZ-Partner<\/label><\/div><div class='ff-el-input--content'><input type=\"text\" name=\"nachdoppel\" value=\"\" class=\"ff-el-form-control\" data-name=\"nachdoppel\" tabindex=\"6\" id=\"ff_5_nachdoppel\"  aria-invalid=\"false\" aria-required=false><\/div><\/div><\/div><\/div><div data-name=\"ff_cn_id_2\"  class='ff-t-container ff-column-container ff_columns_total_2 '><div class='ff-t-cell ff-t-column-1' style='flex-basis: 50%;'><div class='ff-el-group has-conditions'><div class=\"ff-el-input--label asterisk-right\"><label for='ff_5_description_1' id='label_ff_5_description_1' aria-label=\"Aufschl\u00fcsselung des Preises\">Aufschl\u00fcsselung des Preises<\/label><\/div><div class='ff-el-input--content'><textarea aria-required=\"false\" aria-labelledby=\"label_ff_5_description_1\" name=\"description_1\" id=\"ff_5_description_1\" class=\"ff-el-form-control\" placeholder=\"2 x Fr\u00fchst\u00fcck \u00e1 10,00 \u20ac 2 x Vormittagskaffee\/-tee \u00e1 2,00 \u20ac 2 x Mittagessen \u00e1 15,00 \u20ac 1 x Nachmittagskaffee\/-tee inkl. Kuchen \u00e1 6,00 \u20ac 2 x Abendessen \u00e1 11,00 \u20ac 2 x \u00dcbernachtung im Einzelzimmer \u00e1 68,00 \u20ac 2 x \u00dcbernachtung im Doppelzimmer \u00e1 50,00 \u20ac\" rows=\"4\" cols=\"1\" data-name=\"description_1\" tabindex=\"7\" >2 x Fr\u00fchst\u00fcck, Kaffee\/Tee, Mittagessen, Abendessen,1 x Kaffee\/Tee inkl. Kuchen 84,80 \n2 x \u00dcbernachtung im Einzelzimmer \u00e1 68,00 \u20ac\nKurabgabe 2,80 \u20ac<\/textarea><\/div><\/div><div class='ff-el-group has-conditions'><div class=\"ff-el-input--label asterisk-right\"><label for='ff_5_description_2' id='label_ff_5_description_2' aria-label=\"Aufschl\u00fcsselung des Preises\">Aufschl\u00fcsselung des Preises<\/label><\/div><div class='ff-el-input--content'><textarea aria-required=\"false\" aria-labelledby=\"label_ff_5_description_2\" name=\"description_2\" id=\"ff_5_description_2\" class=\"ff-el-form-control\" placeholder=\"2 x Fr\u00fchst\u00fcck \u00e1 10,00 \u20ac 2 x Vormittagskaffee\/-tee \u00e1 2,00 \u20ac 2 x Mittagessen \u00e1 15,00 \u20ac 1 x Nachmittagskaffee\/-tee inkl. Kuchen \u00e1 6,00 \u20ac 2 x Abendessen \u00e1 11,00 \u20ac 2 x \u00dcbernachtung im Einzelzimmer \u00e1 68,00 \u20ac 2 x \u00dcbernachtung im Doppelzimmer \u00e1 50,00 \u20ac\" rows=\"4\" cols=\"1\" data-name=\"description_2\" tabindex=\"8\" >2 x Fr\u00fchst\u00fcck, Kaffee\/Tee, Mittagessen, Abendessen,1 x Kaffee\/Tee inkl. Kuchen 84,80 \n2 x \u00dcbernachtung im Doppelzimmer \u00e1 50,00 \u20ac\nKurabgabe 2,80 \u20ac<\/textarea><\/div><\/div><\/div><div class='ff-t-cell ff-t-column-2' style='flex-basis: 50%;'><\/div><\/div><div data-name=\"ff_cn_id_3\"  class='ff-t-container ff-column-container ff_columns_total_2 '><div class='ff-t-cell ff-t-column-1' style='flex-basis: 50%;'><div class='ff-el-group has-conditions  ff_list_inline'><div class=\"ff-el-input--label ff-el-is-required asterisk-right\"><label   aria-label=\"Verpflegung (keine Garantie!)\">Verpflegung (keine Garantie!)<\/label><\/div><div class='ff-el-input--content'><div class='ff-el-form-check ff-el-form-check-'><label class='ff-el-form-check-label' for='meals_438080b69d4adbbad4cb765d876d101c'><input  type=\"radio\" name=\"meals\" data-name=\"meals\" class=\"ff-el-form-check-input ff-el-form-check-radio\" tabindex=\"9\" value=\"vegetarisch\"  id='meals_438080b69d4adbbad4cb765d876d101c' aria-label='Vegetarisch' aria-invalid='false' aria-required=true> <span>Vegetarisch<\/span><\/label><\/div><div class='ff-el-form-check ff-el-form-check-'><label class='ff-el-form-check-label' for='meals_0098fc12242b82a123272b4b8395b7aa'><input  type=\"radio\" name=\"meals\" data-name=\"meals\" class=\"ff-el-form-check-input ff-el-form-check-radio\" tabindex=\"-1\" value=\"vegan\"  id='meals_0098fc12242b82a123272b4b8395b7aa' aria-label='Vegan' aria-invalid='false' aria-required=true> <span>Vegan<\/span><\/label><\/div><div class='ff-el-form-check ff-el-form-check- ff_item_selected'><label class='ff-el-form-check-label' for='meals_6d369725661041dc110a06338f0d858f'><input  type=\"radio\" name=\"meals\" data-name=\"meals\" class=\"ff-el-form-check-input ff-el-form-check-radio\" checked=\"1\" tabindex=\"-1\" value=\"egal\"  id='meals_6d369725661041dc110a06338f0d858f' aria-label='Egal' aria-invalid='false' aria-required=true> <span>Egal<\/span><\/label><\/div><\/div><\/div><div class='ff-el-group has-conditions'><div class=\"ff-el-input--label asterisk-right\"><label   aria-label=\"Andere Essensw\u00fcnsche\">Andere Essensw\u00fcnsche<\/label><\/div><div class='ff-el-input--content'><div class='ff-el-form-check ff-el-form-check-'><label class='ff-el-form-check-label' for='Verpflegung2_e4abd593d6979722a34b9380e2cb1bd6'><input  type=\"checkbox\" name=\"Verpflegung2[]\" data-name=\"Verpflegung2\" class=\"ff-el-form-check-input ff-el-form-check-checkbox\" tabindex=\"10\" value=\"kein Fisch\"  id='Verpflegung2_e4abd593d6979722a34b9380e2cb1bd6' aria-label='kein Fisch' aria-invalid='false' aria-required=false> <span>kein Fisch<\/span><\/label><\/div><div class='ff-el-form-check ff-el-form-check-'><label class='ff-el-form-check-label' for='Verpflegung2_8a93bc4258c7be541b6a1a320461c7d9'><input  type=\"checkbox\" name=\"Verpflegung2[]\" data-name=\"Verpflegung2\" class=\"ff-el-form-check-input ff-el-form-check-checkbox\" tabindex=\"-1\" value=\"lactosefrei\"  id='Verpflegung2_8a93bc4258c7be541b6a1a320461c7d9' aria-label='lactosefrei' aria-invalid='false' aria-required=false> <span>lactosefrei<\/span><\/label><\/div><div class='ff-el-form-check ff-el-form-check-'><label class='ff-el-form-check-label' for='Verpflegung2_bce0d03cfbc55c4f0ba932ef8b605d3e'><input  type=\"checkbox\" name=\"Verpflegung2[]\" data-name=\"Verpflegung2\" class=\"ff-el-form-check-input ff-el-form-check-checkbox\" tabindex=\"-1\" value=\"glutenfrei\"  id='Verpflegung2_bce0d03cfbc55c4f0ba932ef8b605d3e' aria-label='glutenfrei' aria-invalid='false' aria-required=false> <span>glutenfrei<\/span><\/label><\/div><\/div><\/div><\/div><div class='ff-t-cell ff-t-column-2' style='flex-basis: 50%;'><div class='ff-el-group has-conditions'><div class=\"ff-el-input--label ff-el-is-required asterisk-right\"><label   aria-label=\"Anreise\/Mitfahren\">Anreise\/Mitfahren<\/label><\/div><div class='ff-el-input--content'><div class='ff-el-form-check ff-el-form-check-'><label class='ff-el-form-check-label' for='input_radio_1_0d7597b1078abdf69f4441964dda5bec'><input  type=\"radio\" name=\"input_radio_1\" data-name=\"input_radio_1\" class=\"ff-el-form-check-input ff-el-form-check-radio\" tabindex=\"11\" value=\"HatAuto\"  id='input_radio_1_0d7597b1078abdf69f4441964dda5bec' aria-label='Ich fahre mit dem Auto, Mitfahrer willkommen' aria-invalid='false' aria-required=true> <span>Ich fahre mit dem Auto, Mitfahrer willkommen<\/span><\/label><\/div><div class='ff-el-form-check ff-el-form-check-'><label class='ff-el-form-check-label' for='input_radio_1_ce924b6924f8222b6085de00310d0f48'><input  type=\"radio\" name=\"input_radio_1\" data-name=\"input_radio_1\" class=\"ff-el-form-check-input ff-el-form-check-radio\" tabindex=\"-1\" value=\"WillAuto\"  id='input_radio_1_ce924b6924f8222b6085de00310d0f48' aria-label='Suche Mitfahrgelegenheit (Auto)' aria-invalid='false' aria-required=true> <span>Suche Mitfahrgelegenheit (Auto)<\/span><\/label><\/div><div class='ff-el-form-check ff-el-form-check-'><label class='ff-el-form-check-label' for='input_radio_1_d8cf5cd50475bf2e6a9f906f80bcb46f'><input  type=\"radio\" name=\"input_radio_1\" data-name=\"input_radio_1\" class=\"ff-el-form-check-input ff-el-form-check-radio\" tabindex=\"-1\" value=\"BahnBus\"  id='input_radio_1_d8cf5cd50475bf2e6a9f906f80bcb46f' aria-label='Bahn\/Bus, Mitfahrer willkommen' aria-invalid='false' aria-required=true> <span>Bahn\/Bus, Mitfahrer willkommen<\/span><\/label><\/div><div class='ff-el-form-check ff-el-form-check-'><label class='ff-el-form-check-label' for='input_radio_1_d1d669583c1b2033571cc70e0c94bc34'><input  type=\"radio\" name=\"input_radio_1\" data-name=\"input_radio_1\" class=\"ff-el-form-check-input ff-el-form-check-radio\" tabindex=\"-1\" value=\"Keins\"  id='input_radio_1_d1d669583c1b2033571cc70e0c94bc34' aria-label='Keine Angabe\/Weiss ich (noch) nicht' aria-invalid='false' aria-required=true> <span>Keine Angabe\/Weiss ich (noch) nicht<\/span><\/label><\/div><\/div><\/div><\/div><\/div><div class='ff-el-group ff-text-center ff_submit_btn_wrapper ff_submit_btn_wrapper_custom'><button class=\"ff-btn ff-btn-submit ff-btn-md ff_btn_style wpf_has_custom_css\" type=\"submit\" name=\"custom_submit_button-5_1\" data-name=\"custom_submit_button-5_1\" tabindex=\"12\"  aria-label=\"Speichern\">Speichern<\/button><style>form.fluent_form_5 .wpf_has_custom_css.ff-btn-submit { background-color:rgba(40, 141, 30, 1);border-color:#1a7efb;color:rgba(255, 255, 255, 1);min-width:50%; }form.fluent_form_5 .wpf_has_custom_css.ff-btn-submit:hover { background-color:#ffffff;border-color:#1a7efb;color:#1a7efb;min-width:100%; } <\/style><\/div><\/fieldset><\/form><div id='fluentform_5_errors' class='ff-errors-in-stack ff_form_instance_5_1 ff-form-loading_errors ff_form_instance_5_1_errors'><\/div><\/div>            <script type=\"text\/javascript\">\n                window.fluent_form_ff_form_instance_5_1 = {\"id\":\"5\",\"ajaxUrl\":\"https:\\\/\\\/tomtodd.de\\\/wp-admin\\\/admin-ajax.php\",\"settings\":{\"layout\":{\"labelPlacement\":\"top\",\"helpMessagePlacement\":\"with_label\",\"errorMessagePlacement\":\"inline\",\"asteriskPlacement\":\"asterisk-right\"},\"restrictions\":{\"denyEmptySubmission\":{\"enabled\":false}}},\"form_instance\":\"ff_form_instance_5_1\",\"form_id_selector\":\"fluentform_5\",\"rules\":{\"names[first_name]\":{\"required\":{\"value\":true,\"message\":\"Bitte angeben!\",\"global_message\":\"Bitte angeben!\",\"global\":true}},\"names[middle_name]\":{\"required\":{\"value\":false,\"message\":\"Bitte angeben!\",\"global_message\":\"Bitte angeben!\",\"global\":true}},\"names[last_name]\":{\"required\":{\"value\":true,\"message\":\"Bitte angeben!\",\"global_message\":\"Bitte angeben!\",\"global\":true}},\"email\":{\"required\":{\"value\":true,\"message\":\"Ohne E-Mail geht gar nichts :-) !\",\"global\":false,\"global_message\":\"Bitte angeben!\"},\"email\":{\"value\":true,\"message\":\"Ung\\u00fcltige Email-Adresse\",\"global\":false,\"global_message\":\"Ung\\u00fcltige Email angegeben\"}},\"zimmer\":{\"required\":{\"value\":true,\"message\":\"Bitte angeben!\",\"global_message\":\"Bitte angeben!\",\"global\":true}},\"vordoppel\":{\"required\":{\"value\":false,\"message\":\"Bitte angeben!\",\"global_message\":\"Bitte angeben!\",\"global\":true}},\"nachdoppel\":{\"required\":{\"value\":false,\"message\":\"Bitte angeben!\",\"global_message\":\"Bitte angeben!\",\"global\":true}},\"description_1\":{\"required\":{\"value\":false,\"message\":\"Bitte angeben!\",\"global_message\":\"Bitte angeben!\",\"global\":true}},\"description_2\":{\"required\":{\"value\":false,\"message\":\"Bitte angeben!\",\"global_message\":\"Bitte angeben!\",\"global\":true}},\"meals\":{\"required\":{\"value\":true,\"message\":\"Bitte angeben!\",\"global_message\":\"Bitte angeben!\",\"global\":true}},\"Verpflegung2\":{\"required\":{\"value\":false,\"message\":\"Bitte angeben!\",\"global_message\":\"Bitte angeben!\",\"global\":true}},\"input_radio_1\":{\"required\":{\"value\":true,\"message\":\"Bitte angeben!\",\"global_message\":\"Bitte angeben!\",\"global\":true}}},\"debounce_time\":300,\"conditionals\":{\"vordoppel\":{\"type\":\"any\",\"status\":true,\"conditions\":[{\"field\":\"zimmer\",\"value\":\"DZ\",\"operator\":\"=\"}],\"condition_groups\":[{\"rules\":[{\"field\":\"\",\"value\":\"\",\"operator\":\"\"}],\"title\":\"\",\"isEditingTitle\":false,\"isPreviewOpen\":false,\"isGroupOpen\":true}]},\"nachdoppel\":{\"type\":\"any\",\"status\":true,\"conditions\":[{\"field\":\"zimmer\",\"value\":\"DZ\",\"operator\":\"=\"},{\"field\":\"vordoppel\",\"value\":\"SUCHE\",\"operator\":\"!=\"}],\"condition_groups\":[{\"rules\":[{\"field\":\"\",\"value\":\"\",\"operator\":\"\"}],\"title\":\"\",\"isEditingTitle\":false,\"isPreviewOpen\":false,\"isGroupOpen\":true}]},\"description_1\":{\"type\":\"any\",\"status\":true,\"conditions\":[{\"field\":\"zimmer\",\"value\":\"EZ\",\"operator\":\"=\"}],\"condition_groups\":[{\"rules\":[{\"field\":\"\",\"value\":\"\",\"operator\":\"\"}],\"title\":\"\",\"isEditingTitle\":false,\"isPreviewOpen\":false,\"isGroupOpen\":true}]},\"description_2\":{\"type\":\"any\",\"status\":true,\"conditions\":[{\"field\":\"zimmer\",\"value\":\"DZ\",\"operator\":\"=\"}],\"condition_groups\":[{\"rules\":[{\"field\":\"\",\"value\":\"\",\"operator\":\"\"}],\"title\":\"\",\"isEditingTitle\":false,\"isPreviewOpen\":false,\"isGroupOpen\":true}]},\"meals\":{\"type\":\"any\",\"status\":true,\"conditions\":[{\"field\":\"zimmer\",\"value\":\"0Z\",\"operator\":\"!=\"}],\"condition_groups\":[{\"rules\":[{\"field\":\"\",\"value\":\"\",\"operator\":\"\"}],\"title\":\"\",\"isEditingTitle\":false,\"isPreviewOpen\":false,\"isGroupOpen\":true}]},\"Verpflegung2\":{\"type\":\"any\",\"status\":true,\"conditions\":[{\"field\":\"zimmer\",\"value\":\"0Z\",\"operator\":\"!=\"}],\"condition_groups\":[{\"rules\":[{\"field\":\"\",\"value\":\"\",\"operator\":\"\"}],\"title\":\"\",\"isEditingTitle\":false,\"isPreviewOpen\":false,\"isGroupOpen\":true}]},\"input_radio_1\":{\"type\":\"any\",\"status\":true,\"conditions\":[{\"field\":\"zimmer\",\"value\":\"0Z\",\"operator\":\"!=\"}],\"condition_groups\":[{\"rules\":[{\"field\":\"\",\"value\":\"\",\"operator\":\"\"}],\"title\":\"\",\"isEditingTitle\":false,\"isPreviewOpen\":false,\"isGroupOpen\":true}]}}};\n                            <\/script>\n            <\/div>\n","protected":false},"excerpt":{"rendered":"<p>Fr. 5. &#8211; So. 7. Juni Bei Auswahl &#8222;Ja. Doppelzimmer&#8220; kannst du jemanden eintragen, der\/die mit dir das Zimmer teilen m\u00f6ge. Dann obliegt es dir, diese Person diesbez\u00fcglich zu kontaktieren. Oder du gibst &#8222;SUCHE&#8220; ein und alle ebenfalls Suchende werden informiert. F\u00fcr bekannte Paare habe ich die vermeintlichen Zimmergenossen eingetragen. BEIDE sollen sich bitte eintragen. [&hellip;]<\/p>\n","protected":false},"author":1,"featured_media":0,"parent":0,"menu_order":0,"comment_status":"closed","ping_status":"closed","template":"","meta":{"footnotes":""},"class_list":["post-124","page","type-page","status-publish","hentry"],"_links":{"self":[{"href":"https:\/\/tomtodd.de\/en\/wp-json\/wp\/v2\/pages\/124","targetHints":{"allow":["GET"]}}],"collection":[{"href":"https:\/\/tomtodd.de\/en\/wp-json\/wp\/v2\/pages"}],"about":[{"href":"https:\/\/tomtodd.de\/en\/wp-json\/wp\/v2\/types\/page"}],"author":[{"embeddable":true,"href":"https:\/\/tomtodd.de\/en\/wp-json\/wp\/v2\/users\/1"}],"replies":[{"embeddable":true,"href":"https:\/\/tomtodd.de\/en\/wp-json\/wp\/v2\/comments?post=124"}],"version-history":[{"count":10,"href":"https:\/\/tomtodd.de\/en\/wp-json\/wp\/v2\/pages\/124\/revisions"}],"predecessor-version":[{"id":248,"href":"https:\/\/tomtodd.de\/en\/wp-json\/wp\/v2\/pages\/124\/revisions\/248"}],"wp:attachment":[{"href":"https:\/\/tomtodd.de\/en\/wp-json\/wp\/v2\/media?parent=124"}],"curies":[{"name":"wp","href":"https:\/\/api.w.org\/{rel}","templated":true}]}}